{"id":3,"date":"2025-04-25T19:44:02","date_gmt":"2025-04-25T19:44:02","guid":{"rendered":"http:\/\/brillancesupreme.com\/?page_id=3"},"modified":"2025-08-20T04:51:43","modified_gmt":"2025-08-20T04:51:43","slug":"politique-de-confidentialite-et-cookies","status":"publish","type":"page","link":"https:\/\/brillancesupreme.com\/pt\/politique-de-confidentialite-et-cookies\/","title":{"rendered":"Pol\u00edtica de Privacidade e Cookies"},"content":{"rendered":"<div data-elementor-type=\"wp-page\" data-elementor-id=\"3\" class=\"elementor elementor-3\" data-elementor-post-type=\"page\">\n\t\t\t\t<div class=\"elementor-element elementor-element-fd3e3e5 e-flex e-con-boxed e-con e-parent\" data-id=\"fd3e3e5\" data-element_type=\"container\">\n\t\t\t\t\t<div class=\"e-con-inner\">\n\t\t\t\t<div class=\"elementor-element elementor-element-d512f26 elementor-widget elementor-widget-heading\" data-id=\"d512f26\" data-element_type=\"widget\" data-widget_type=\"heading.default\">\n\t\t\t\t<div class=\"elementor-widget-container\">\n\t\t\t\t\t<h2 class=\"elementor-heading-title elementor-size-default\">Pol\u00edtica de Privacidade e Cookies<\/h2>\t\t\t\t<\/div>\n\t\t\t\t<\/div>\n\t\t\t\t<div class=\"elementor-element elementor-element-47eec8d elementor-widget elementor-widget-heading\" data-id=\"47eec8d\" data-element_type=\"widget\" data-widget_type=\"heading.default\">\n\t\t\t\t<div class=\"elementor-widget-container\">\n\t\t\t\t\t<h2 class=\"elementor-heading-title elementor-size-default\">\u00c2mbito de aplica\u00e7\u00e3o<\/h2>\t\t\t\t<\/div>\n\t\t\t\t<\/div>\n\t\t\t\t<div class=\"elementor-element elementor-element-f1d994c elementor-widget elementor-widget-text-editor\" data-id=\"f1d994c\" data-element_type=\"widget\" data-widget_type=\"text-editor.default\">\n\t\t\t\t<div class=\"elementor-widget-container\">\n\t\t\t\t\t\t\t\t\t<p data-start=\"89\" data-end=\"480\">A Brillance Supr\u00eame respeita e protege a sua privacidade. Esta Pol\u00edtica de Privacidade e Cookies descreve como coletamos, usamos, armazenamos e protegemos os dados pessoais dos visitantes do nosso site <a href=\"https:\/\/brillancesupreme.com\/pt\/\">https:\/\/brillancesupreme.com<\/a>, em conformidade com o Regulamento Geral sobre a Prote\u00e7\u00e3o de Dados (RGPD \u2013 UE 2016\/679).<\/p><p data-start=\"482\" data-end=\"615\">Esta pol\u00edtica se aplica somente ao nosso site e n\u00e3o a sites de terceiros que podem ser referenciados ou acessados por meio de links.<\/p>\t\t\t\t\t\t\t\t<\/div>\n\t\t\t\t<\/div>\n\t\t\t\t<div class=\"elementor-element elementor-element-4f99cdf elementor-widget elementor-widget-heading\" data-id=\"4f99cdf\" data-element_type=\"widget\" data-widget_type=\"heading.default\">\n\t\t\t\t<div class=\"elementor-widget-container\">\n\t\t\t\t\t<h2 class=\"elementor-heading-title elementor-size-default\">Prix et Paiement<\/h2>\t\t\t\t<\/div>\n\t\t\t\t<\/div>\n\t\t\t\t<div class=\"elementor-element elementor-element-547513d elementor-widget elementor-widget-text-editor\" data-id=\"547513d\" data-element_type=\"widget\" data-widget_type=\"text-editor.default\">\n\t\t\t\t<div class=\"elementor-widget-container\">\n\t\t\t\t\t\t\t\t\t<p data-start=\"89\" data-end=\"480\"><strong>Brillance Supr\u00eame<\/strong><br data-start=\"735\" data-end=\"738\" \/><strong>E-mail :<\/strong>\u00a0<a href=\"https:\/\/brillancesupreme.com\/pt\/contact\/\">info@brillancesupreme.com<\/a><br data-start=\"765\" data-end=\"768\" \/><strong>Site:<\/strong> <a href=\"https:\/\/brillancesupreme.com\/pt\/\">https:\/\/brillancesupreme.com<\/a><br data-start=\"825\" data-end=\"828\" \/><strong>Telefone<\/strong> <a href=\"https:\/\/brillancesupreme.com\/pt\/contact\/\">+352 661 199 320<\/a><\/p>\t\t\t\t\t\t\t\t<\/div>\n\t\t\t\t<\/div>\n\t\t\t\t<div class=\"elementor-element elementor-element-c3179fb elementor-widget elementor-widget-heading\" data-id=\"c3179fb\" data-element_type=\"widget\" data-widget_type=\"heading.default\">\n\t\t\t\t<div class=\"elementor-widget-container\">\n\t\t\t\t\t<h2 class=\"elementor-heading-title elementor-size-default\">Coleta e processamento de dados pessoais<\/h2>\t\t\t\t<\/div>\n\t\t\t\t<\/div>\n\t\t\t\t<div class=\"elementor-element elementor-element-caa254b elementor-widget elementor-widget-text-editor\" data-id=\"caa254b\" data-element_type=\"widget\" data-widget_type=\"text-editor.default\">\n\t\t\t\t<div class=\"elementor-widget-container\">\n\t\t\t\t\t\t\t\t\t<p data-start=\"860\" data-end=\"990\">Os dados pessoais podem ser coletados pelos seguintes meios:<\/p><ul data-start=\"992\" data-end=\"1280\"><li data-start=\"992\" data-end=\"1052\"><p data-start=\"994\" data-end=\"1052\">Formul\u00e1rio de contato: nome, e-mail, telefone, mensagem.<\/p><\/li><li data-start=\"1053\" data-end=\"1136\"><p data-start=\"1055\" data-end=\"1136\">Solicita\u00e7\u00f5es de or\u00e7amento: informa\u00e7\u00f5es sobre o tipo de servi\u00e7o solicitado e detalhes de contato.<\/p><\/li><li data-start=\"1137\" data-end=\"1280\"><p data-start=\"1139\" data-end=\"1280\">Cookies e dados de navega\u00e7\u00e3o: endere\u00e7o IP, tipo de navegador, p\u00e1ginas visitadas, localiza\u00e7\u00e3o aproximada, dura\u00e7\u00e3o da visita ao site.<\/p><\/li><\/ul><p data-start=\"1282\" data-end=\"1323\">Esses dados s\u00e3o processados com base em:<\/p><ul data-start=\"1325\" data-end=\"1560\"><li data-start=\"1325\" data-end=\"1381\"><p data-start=\"1327\" data-end=\"1381\">O consentimento expresso do interessado;<\/p><\/li><li data-start=\"1382\" data-end=\"1447\"><p data-start=\"1384\" data-end=\"1447\">Da execu\u00e7\u00e3o de um contrato ou de dilig\u00eancias pr\u00e9-contratuais;<\/p><\/li><li data-start=\"1448\" data-end=\"1477\"><p data-start=\"1450\" data-end=\"1477\">De uma obriga\u00e7\u00e3o legal;<\/p><\/li><li data-start=\"1478\" data-end=\"1560\"><p data-start=\"1480\" data-end=\"1560\">De interesse leg\u00edtimo (por exemplo, seguran\u00e7a, melhoria de servi\u00e7o, estat\u00edsticas).<\/p><\/li><\/ul>\t\t\t\t\t\t\t\t<\/div>\n\t\t\t\t<\/div>\n\t\t\t\t<div class=\"elementor-element elementor-element-610de2d elementor-widget elementor-widget-heading\" data-id=\"610de2d\" data-element_type=\"widget\" data-widget_type=\"heading.default\">\n\t\t\t\t<div class=\"elementor-widget-container\">\n\t\t\t\t\t<h2 class=\"elementor-heading-title elementor-size-default\">Finalidades do Processamento<\/h2>\t\t\t\t<\/div>\n\t\t\t\t<\/div>\n\t\t\t\t<div class=\"elementor-element elementor-element-ca1a48c elementor-widget elementor-widget-text-editor\" data-id=\"ca1a48c\" data-element_type=\"widget\" data-widget_type=\"text-editor.default\">\n\t\t\t\t<div class=\"elementor-widget-container\">\n\t\t\t\t\t\t\t\t\t<p data-start=\"1562\" data-end=\"1638\">Os dados coletados s\u00e3o utilizados para:<\/p><ul data-start=\"1640\" data-end=\"1936\"><li data-start=\"1640\" data-end=\"1690\"><p data-start=\"1642\" data-end=\"1690\">Responder a solicita\u00e7\u00f5es de contato ou cota\u00e7\u00e3o;<\/p><\/li><li data-start=\"1691\" data-end=\"1792\"><p data-start=\"1693\" data-end=\"1792\">Enviar informa\u00e7\u00f5es sobre nossos servi\u00e7os, promo\u00e7\u00f5es ou novidades (quando permitido);<\/p><\/li><li data-start=\"1793\" data-end=\"1876\"><p data-start=\"1795\" data-end=\"1876\">Analisar estat\u00edsticas de navega\u00e7\u00e3o e melhorar a experi\u00eancia do usu\u00e1rio;<\/p><\/li><li data-start=\"1877\" data-end=\"1936\"><p data-start=\"1879\" data-end=\"1936\">Cumprir obriga\u00e7\u00f5es legais e regulamentares.<\/p><\/li><\/ul>\t\t\t\t\t\t\t\t<\/div>\n\t\t\t\t<\/div>\n\t\t\t\t<div class=\"elementor-element elementor-element-b4691a3 elementor-widget elementor-widget-heading\" data-id=\"b4691a3\" data-element_type=\"widget\" data-widget_type=\"heading.default\">\n\t\t\t\t<div class=\"elementor-widget-container\">\n\t\t\t\t\t<h2 class=\"elementor-heading-title elementor-size-default\">Reten\u00e7\u00e3o de dados<\/h2>\t\t\t\t<\/div>\n\t\t\t\t<\/div>\n\t\t\t\t<div class=\"elementor-element elementor-element-779ffa1 elementor-widget elementor-widget-text-editor\" data-id=\"779ffa1\" data-element_type=\"widget\" data-widget_type=\"text-editor.default\">\n\t\t\t\t<div class=\"elementor-widget-container\">\n\t\t\t\t\t\t\t\t\t<p data-start=\"1562\" data-end=\"1638\">Os dados pessoais s\u00e3o conservados apenas pelo per\u00edodo necess\u00e1rio \u00e0 prossecu\u00e7\u00e3o das finalidades mencionadas ou de acordo com exig\u00eancias legais.<\/p>\t\t\t\t\t\t\t\t<\/div>\n\t\t\t\t<\/div>\n\t\t\t\t<div class=\"elementor-element elementor-element-c0cb7e0 elementor-widget elementor-widget-heading\" data-id=\"c0cb7e0\" data-element_type=\"widget\" data-widget_type=\"heading.default\">\n\t\t\t\t<div class=\"elementor-widget-container\">\n\t\t\t\t\t<h2 class=\"elementor-heading-title elementor-size-default\">Direitos do Titular dos Dados<\/h2>\t\t\t\t<\/div>\n\t\t\t\t<\/div>\n\t\t\t\t<div class=\"elementor-element elementor-element-74b83b8 elementor-widget elementor-widget-text-editor\" data-id=\"74b83b8\" data-element_type=\"widget\" data-widget_type=\"text-editor.default\">\n\t\t\t\t<div class=\"elementor-widget-container\">\n\t\t\t\t\t\t\t\t\t<p data-start=\"2134\" data-end=\"2231\">De acordo com o GDPR, voc\u00ea tem os seguintes direitos:<\/p><ul data-start=\"2233\" data-end=\"2547\"><li data-start=\"2233\" data-end=\"2273\"><p data-start=\"2235\" data-end=\"2273\">Acessar seus dados pessoais;<\/p><\/li><li data-start=\"2274\" data-end=\"2334\"><p data-start=\"2276\" data-end=\"2334\">Corrigir ou atualizar informa\u00e7\u00f5es incorretas;<\/p><\/li><li data-start=\"2335\" data-end=\"2397\"><p data-start=\"2337\" data-end=\"2397\">Solicitar a elimina\u00e7\u00e3o dos seus dados (direito ao esquecimento);<\/p><\/li><li data-start=\"2398\" data-end=\"2456\"><p data-start=\"2400\" data-end=\"2456\">Limitar ou opor-se ao processamento dos seus dados;<\/p><\/li><li data-start=\"2457\" data-end=\"2503\"><p data-start=\"2459\" data-end=\"2503\">Retirar seu consentimento a qualquer momento;<\/p><\/li><li data-start=\"2504\" data-end=\"2547\"><p data-start=\"2506\" data-end=\"2547\">Solicite a portabilidade dos seus dados.<\/p><\/li><\/ul><p data-start=\"2549\" data-end=\"2622\">Para exercer seus direitos, entre em contato conosco pelo e-mail: <a class=\"cursor-pointer\" rel=\"noopener\" data-start=\"2602\" data-end=\"2620\">info@brillancesupreme.com<\/a><\/p>\t\t\t\t\t\t\t\t<\/div>\n\t\t\t\t<\/div>\n\t\t\t\t<div class=\"elementor-element elementor-element-9c1d2a5 elementor-widget elementor-widget-heading\" data-id=\"9c1d2a5\" data-element_type=\"widget\" data-widget_type=\"heading.default\">\n\t\t\t\t<div class=\"elementor-widget-container\">\n\t\t\t\t\t<h2 class=\"elementor-heading-title elementor-size-default\">Seguran\u00e7a e Confidencialidade<\/h2>\t\t\t\t<\/div>\n\t\t\t\t<\/div>\n\t\t\t\t<div class=\"elementor-element elementor-element-340b79b elementor-widget elementor-widget-text-editor\" data-id=\"340b79b\" data-element_type=\"widget\" data-widget_type=\"text-editor.default\">\n\t\t\t\t<div class=\"elementor-widget-container\">\n\t\t\t\t\t\t\t\t\t<p data-start=\"2624\" data-end=\"2851\">Implementamos medidas t\u00e9cnicas e organizacionais apropriadas para proteger seus dados pessoais contra acesso n\u00e3o autorizado, perda, altera\u00e7\u00e3o ou divulga\u00e7\u00e3o indevida.<\/p><p data-start=\"2853\" data-end=\"3018\">No entanto, lembramos que nenhuma transmiss\u00e3o de dados pela internet \u00e9 totalmente segura. Portanto, n\u00e3o podemos garantir seguran\u00e7a absoluta.<\/p>\t\t\t\t\t\t\t\t<\/div>\n\t\t\t\t<\/div>\n\t\t\t\t<div class=\"elementor-element elementor-element-c375fad elementor-widget elementor-widget-heading\" data-id=\"c375fad\" data-element_type=\"widget\" data-widget_type=\"heading.default\">\n\t\t\t\t<div class=\"elementor-widget-container\">\n\t\t\t\t\t<h2 class=\"elementor-heading-title elementor-size-default\">Pol\u00edtica de Cookies<\/h2>\t\t\t\t<\/div>\n\t\t\t\t<\/div>\n\t\t\t\t<div class=\"elementor-element elementor-element-30e89f8 elementor-widget elementor-widget-heading\" data-id=\"30e89f8\" data-element_type=\"widget\" data-widget_type=\"heading.default\">\n\t\t\t\t<div class=\"elementor-widget-container\">\n\t\t\t\t\t<h2 class=\"elementor-heading-title elementor-size-default\">O que \u00e9 um cookie?<\/h2>\t\t\t\t<\/div>\n\t\t\t\t<\/div>\n\t\t\t\t<div class=\"elementor-element elementor-element-eefe591 elementor-widget elementor-widget-text-editor\" data-id=\"eefe591\" data-element_type=\"widget\" data-widget_type=\"text-editor.default\">\n\t\t\t\t<div class=\"elementor-widget-container\">\n\t\t\t\t\t\t\t\t\t<p data-start=\"2624\" data-end=\"2851\">Cookies s\u00e3o pequenos arquivos armazenados no seu navegador que ajudam a melhorar a experi\u00eancia do usu\u00e1rio, lembrar suas prefer\u00eancias e coletar dados estat\u00edsticos.<\/p>\t\t\t\t\t\t\t\t<\/div>\n\t\t\t\t<\/div>\n\t\t\t\t<div class=\"elementor-element elementor-element-12b6ad9 elementor-widget elementor-widget-heading\" data-id=\"12b6ad9\" data-element_type=\"widget\" data-widget_type=\"heading.default\">\n\t\t\t\t<div class=\"elementor-widget-container\">\n\t\t\t\t\t<h2 class=\"elementor-heading-title elementor-size-default\">Tipos de cookies utilizados:<\/h2>\t\t\t\t<\/div>\n\t\t\t\t<\/div>\n\t\t\t\t<div class=\"elementor-element elementor-element-d240f05 elementor-widget elementor-widget-text-editor\" data-id=\"d240f05\" data-element_type=\"widget\" data-widget_type=\"text-editor.default\">\n\t\t\t\t<div class=\"elementor-widget-container\">\n\t\t\t\t\t\t\t\t\t<ul><li data-start=\"3306\" data-end=\"3362\"><p data-start=\"3308\" data-end=\"3362\">Essencial: necess\u00e1rio para o funcionamento do site;<\/p><\/li><li data-start=\"3363\" data-end=\"3461\"><p data-start=\"3365\" data-end=\"3461\">An\u00e1lise: coletar dados estat\u00edsticos sobre navega\u00e7\u00e3o (ex.: Google Analytics);<\/p><\/li><li data-start=\"3462\" data-end=\"3526\"><p data-start=\"3464\" data-end=\"3526\">Funcional: lembrar as prefer\u00eancias do usu\u00e1rio;<\/p><\/li><li data-start=\"3527\" data-end=\"3603\"><p data-start=\"3529\" data-end=\"3603\">Marketing: Usado para personalizar an\u00fancios (se aplic\u00e1vel).<\/p><\/li><\/ul>\t\t\t\t\t\t\t\t<\/div>\n\t\t\t\t<\/div>\n\t\t\t\t<div class=\"elementor-element elementor-element-3ed17ff elementor-widget elementor-widget-heading\" data-id=\"3ed17ff\" data-element_type=\"widget\" data-widget_type=\"heading.default\">\n\t\t\t\t<div class=\"elementor-widget-container\">\n\t\t\t\t\t<h2 class=\"elementor-heading-title elementor-size-default\">Consentimento<\/h2>\t\t\t\t<\/div>\n\t\t\t\t<\/div>\n\t\t\t\t<div class=\"elementor-element elementor-element-4090d75 elementor-widget elementor-widget-text-editor\" data-id=\"4090d75\" data-element_type=\"widget\" data-widget_type=\"text-editor.default\">\n\t\t\t\t<div class=\"elementor-widget-container\">\n\t\t\t\t\t\t\t\t\t<p data-start=\"3605\" data-end=\"3745\">Ao visitar nosso site pela primeira vez, um banner com informa\u00e7\u00f5es sobre cookies ser\u00e1 exibido. Voc\u00ea poder\u00e1 ent\u00e3o:<\/p><ul data-start=\"3747\" data-end=\"3846\"><li data-start=\"3747\" data-end=\"3778\"><p data-start=\"3749\" data-end=\"3778\">Aceitar todos os cookies;<\/p><\/li><li data-start=\"3779\" data-end=\"3819\"><p data-start=\"3781\" data-end=\"3819\">Recusar cookies n\u00e3o essenciais;<\/p><\/li><li data-start=\"3820\" data-end=\"3846\"><p data-start=\"3822\" data-end=\"3846\">Gerencie suas prefer\u00eancias.<\/p><\/li><\/ul><p data-start=\"3848\" data-end=\"3942\">Voc\u00ea tamb\u00e9m pode gerenciar cookies diretamente nas configura\u00e7\u00f5es do seu navegador.<\/p>\t\t\t\t\t\t\t\t<\/div>\n\t\t\t\t<\/div>\n\t\t\t\t<div class=\"elementor-element elementor-element-3136c49 elementor-widget elementor-widget-heading\" data-id=\"3136c49\" data-element_type=\"widget\" data-widget_type=\"heading.default\">\n\t\t\t\t<div class=\"elementor-widget-container\">\n\t\t\t\t\t<h2 class=\"elementor-heading-title elementor-size-default\">Cookies de terceiros<\/h2>\t\t\t\t<\/div>\n\t\t\t\t<\/div>\n\t\t\t\t<div class=\"elementor-element elementor-element-58a6c85 elementor-widget elementor-widget-text-editor\" data-id=\"58a6c85\" data-element_type=\"widget\" data-widget_type=\"text-editor.default\">\n\t\t\t\t<div class=\"elementor-widget-container\">\n\t\t\t\t\t\t\t\t\t<p data-start=\"3605\" data-end=\"3745\">Podemos utilizar servi\u00e7os de terceiros (por exemplo, Google, Meta\/Facebook, YouTube) que podem colocar cookies no seu navegador. Convidamos voc\u00ea a consultar as respectivas pol\u00edticas de privacidade.<\/p>\t\t\t\t\t\t\t\t<\/div>\n\t\t\t\t<\/div>\n\t\t\t\t<div class=\"elementor-element elementor-element-9e7a55e elementor-widget elementor-widget-heading\" data-id=\"9e7a55e\" data-element_type=\"widget\" data-widget_type=\"heading.default\">\n\t\t\t\t<div class=\"elementor-widget-container\">\n\t\t\t\t\t<h2 class=\"elementor-heading-title elementor-size-default\">Altera\u00e7\u00f5es a esta Pol\u00edtica<\/h2>\t\t\t\t<\/div>\n\t\t\t\t<\/div>\n\t\t\t\t<div class=\"elementor-element elementor-element-3ff807f elementor-widget elementor-widget-text-editor\" data-id=\"3ff807f\" data-element_type=\"widget\" data-widget_type=\"text-editor.default\">\n\t\t\t\t<div class=\"elementor-widget-container\">\n\t\t\t\t\t\t\t\t\t<p data-start=\"4188\" data-end=\"4426\">Reservamo-nos o direito de atualizar esta Pol\u00edtica de Privacidade e Cookies a qualquer momento. Quaisquer altera\u00e7\u00f5es ser\u00e3o publicadas nesta p\u00e1gina com a data de revis\u00e3o atualizada.<\/p><p data-start=\"4428\" data-end=\"4479\"><strong data-start=\"4428\" data-end=\"4454\">\u00daltima atualiza\u00e7\u00e3o:<\/strong> Luxemburgo, 11\/08\/2025<\/p>\t\t\t\t\t\t\t\t<\/div>\n\t\t\t\t<\/div>\n\t\t\t\t\t<\/div>\n\t\t\t\t<\/div>\n\t\t\t\t<\/div>","protected":false},"excerpt":{"rendered":"<p>Politique de Confidentialit\u00e9 et Cookies Champ d\u2019application Brillance Supr\u00eame respecte et prot\u00e8ge votre vie priv\u00e9e. La pr\u00e9sente Politique de Confidentialit\u00e9 [&hellip;]<\/p>","protected":false},"author":1,"featured_media":0,"parent":0,"menu_order":0,"comment_status":"closed","ping_status":"closed","template":"","meta":{"site-sidebar-layout":"default","site-content-layout":"","ast-site-content-layout":"default","site-content-style":"default","site-sidebar-style":"default","ast-global-header-display":"","ast-banner-title-visibility":"","ast-main-header-display":"","ast-hfb-above-header-display":"","ast-hfb-below-header-display":"","ast-hfb-mobile-header-display":"","site-post-title":"","ast-breadcrumbs-content":"","ast-featured-img":"","footer-sml-layout":"","theme-transparent-header-meta":"","adv-header-id-meta":"","stick-header-meta":"","header-above-stick-meta":"","header-main-stick-meta":"","header-below-stick-meta":"","astra-migrate-meta-layouts":"default","ast-page-background-enabled":"default","ast-page-background-meta":{"desktop":{"background-color":"var(--ast-global-color-5)","background-image":"","background-repeat":"repeat","background-position":"center center","background-size":"auto","background-attachment":"scroll","background-type":"","background-media":"","overlay-type":"","overlay-color":"","overlay-opacity":"","overlay-gradient":""},"tablet":{"background-color":"","background-image":"","background-repeat":"repeat","background-position":"center center","background-size":"auto","background-attachment":"scroll","background-type":"","background-media":"","overlay-type":"","overlay-color":"","overlay-opacity":"","overlay-gradient":""},"mobile":{"background-color":"","background-image":"","background-repeat":"repeat","background-position":"center center","background-size":"auto","background-attachment":"scroll","background-type":"","background-media":"","overlay-type":"","overlay-color":"","overlay-opacity":"","overlay-gradient":""}},"ast-content-background-meta":{"desktop":{"background-color":"var(--ast-global-color-4)","background-image":"","background-repeat":"repeat","background-position":"center center","background-size":"auto","background-attachment":"scroll","background-type":"","background-media":"","overlay-type":"","overlay-color":"","overlay-opacity":"","overlay-gradient":""},"tablet":{"background-color":"var(--ast-global-color-4)","background-image":"","background-repeat":"repeat","background-position":"center center","background-size":"auto","background-attachment":"scroll","background-type":"","background-media":"","overlay-type":"","overlay-color":"","overlay-opacity":"","overlay-gradient":""},"mobile":{"background-color":"var(--ast-global-color-4)","background-image":"","background-repeat":"repeat","background-position":"center center","background-size":"auto","background-attachment":"scroll","background-type":"","background-media":"","overlay-type":"","overlay-color":"","overlay-opacity":"","overlay-gradient":""}},"footnotes":""},"class_list":["post-3","page","type-page","status-publish","hentry"],"_links":{"self":[{"href":"https:\/\/brillancesupreme.com\/pt\/wp-json\/wp\/v2\/pages\/3","targetHints":{"allow":["GET"]}}],"collection":[{"href":"https:\/\/brillancesupreme.com\/pt\/wp-json\/wp\/v2\/pages"}],"about":[{"href":"https:\/\/brillancesupreme.com\/pt\/wp-json\/wp\/v2\/types\/page"}],"author":[{"embeddable":true,"href":"https:\/\/brillancesupreme.com\/pt\/wp-json\/wp\/v2\/users\/1"}],"replies":[{"embeddable":true,"href":"https:\/\/brillancesupreme.com\/pt\/wp-json\/wp\/v2\/comments?post=3"}],"version-history":[{"count":16,"href":"https:\/\/brillancesupreme.com\/pt\/wp-json\/wp\/v2\/pages\/3\/revisions"}],"predecessor-version":[{"id":1498,"href":"https:\/\/brillancesupreme.com\/pt\/wp-json\/wp\/v2\/pages\/3\/revisions\/1498"}],"wp:attachment":[{"href":"https:\/\/brillancesupreme.com\/pt\/wp-json\/wp\/v2\/media?parent=3"}],"curies":[{"name":"wp","href":"https:\/\/api.w.org\/{rel}","templated":true}]}}