{"id":3,"date":"2025-04-25T19:44:02","date_gmt":"2025-04-25T19:44:02","guid":{"rendered":"http:\/\/brillancesupreme.com\/?page_id=3"},"modified":"2025-08-20T04:51:43","modified_gmt":"2025-08-20T04:51:43","slug":"politique-de-confidentialite-et-cookies","status":"publish","type":"page","link":"https:\/\/brillancesupreme.com\/de\/politique-de-confidentialite-et-cookies\/","title":{"rendered":"Datenschutz- und Cookie-Richtlinien"},"content":{"rendered":"<div data-elementor-type=\"wp-page\" data-elementor-id=\"3\" class=\"elementor elementor-3\" data-elementor-post-type=\"page\">\n\t\t\t\t<div class=\"elementor-element elementor-element-fd3e3e5 e-flex e-con-boxed e-con e-parent\" data-id=\"fd3e3e5\" data-element_type=\"container\">\n\t\t\t\t\t<div class=\"e-con-inner\">\n\t\t\t\t<div class=\"elementor-element elementor-element-d512f26 elementor-widget elementor-widget-heading\" data-id=\"d512f26\" data-element_type=\"widget\" data-widget_type=\"heading.default\">\n\t\t\t\t<div class=\"elementor-widget-container\">\n\t\t\t\t\t<h2 class=\"elementor-heading-title elementor-size-default\">Datenschutz- und Cookie-Richtlinien<\/h2>\t\t\t\t<\/div>\n\t\t\t\t<\/div>\n\t\t\t\t<div class=\"elementor-element elementor-element-47eec8d elementor-widget elementor-widget-heading\" data-id=\"47eec8d\" data-element_type=\"widget\" data-widget_type=\"heading.default\">\n\t\t\t\t<div class=\"elementor-widget-container\">\n\t\t\t\t\t<h2 class=\"elementor-heading-title elementor-size-default\">Geltungsbereich<\/h2>\t\t\t\t<\/div>\n\t\t\t\t<\/div>\n\t\t\t\t<div class=\"elementor-element elementor-element-f1d994c elementor-widget elementor-widget-text-editor\" data-id=\"f1d994c\" data-element_type=\"widget\" data-widget_type=\"text-editor.default\">\n\t\t\t\t<div class=\"elementor-widget-container\">\n\t\t\t\t\t\t\t\t\t<p data-start=\"89\" data-end=\"480\">Brillance Supr\u00eame respektiert und sch\u00fctzt Ihre Privatsph\u00e4re. Diese Datenschutz- und Cookie-Richtlinie beschreibt, wie wir die personenbezogenen Daten der Besucher unserer Website <a href=\"https:\/\/brillancesupreme.com\/de\/\">https:\/\/brillancesupreme.com<\/a>gem\u00e4\u00df der Datenschutz-Grundverordnung (DSGVO \u2013 EU 2016\/679) erheben, verwenden, speichern und sch\u00fctzen.<\/p><p data-start=\"482\" data-end=\"615\">Diese Richtlinie gilt nur f\u00fcr unsere Site und nicht f\u00fcr Sites von Drittanbietern, auf die m\u00f6glicherweise verwiesen wird oder die \u00fcber Links zug\u00e4nglich sind.<\/p>\t\t\t\t\t\t\t\t<\/div>\n\t\t\t\t<\/div>\n\t\t\t\t<div class=\"elementor-element elementor-element-4f99cdf elementor-widget elementor-widget-heading\" data-id=\"4f99cdf\" data-element_type=\"widget\" data-widget_type=\"heading.default\">\n\t\t\t\t<div class=\"elementor-widget-container\">\n\t\t\t\t\t<h2 class=\"elementor-heading-title elementor-size-default\">Prix et Paiement<\/h2>\t\t\t\t<\/div>\n\t\t\t\t<\/div>\n\t\t\t\t<div class=\"elementor-element elementor-element-547513d elementor-widget elementor-widget-text-editor\" data-id=\"547513d\" data-element_type=\"widget\" data-widget_type=\"text-editor.default\">\n\t\t\t\t<div class=\"elementor-widget-container\">\n\t\t\t\t\t\t\t\t\t<p data-start=\"89\" data-end=\"480\"><strong>Brillance Supr\u00eame<\/strong><br data-start=\"735\" data-end=\"738\" \/><strong>E-mail :<\/strong>\u00a0<a href=\"https:\/\/brillancesupreme.com\/de\/contact\/\">info@brillancesupreme.com<\/a><br data-start=\"765\" data-end=\"768\" \/><strong>Website:<\/strong> <a href=\"https:\/\/brillancesupreme.com\/de\/\">https:\/\/brillancesupreme.com<\/a><br data-start=\"825\" data-end=\"828\" \/><strong>Telefon<\/strong> <a href=\"https:\/\/brillancesupreme.com\/de\/contact\/\">+352 661 199 320<\/a><\/p>\t\t\t\t\t\t\t\t<\/div>\n\t\t\t\t<\/div>\n\t\t\t\t<div class=\"elementor-element elementor-element-c3179fb elementor-widget elementor-widget-heading\" data-id=\"c3179fb\" data-element_type=\"widget\" data-widget_type=\"heading.default\">\n\t\t\t\t<div class=\"elementor-widget-container\">\n\t\t\t\t\t<h2 class=\"elementor-heading-title elementor-size-default\">Erhebung und Verarbeitung personenbezogener Daten<\/h2>\t\t\t\t<\/div>\n\t\t\t\t<\/div>\n\t\t\t\t<div class=\"elementor-element elementor-element-caa254b elementor-widget elementor-widget-text-editor\" data-id=\"caa254b\" data-element_type=\"widget\" data-widget_type=\"text-editor.default\">\n\t\t\t\t<div class=\"elementor-widget-container\">\n\t\t\t\t\t\t\t\t\t<p data-start=\"860\" data-end=\"990\">Personenbezogene Daten k\u00f6nnen auf folgende Weise erhoben werden:<\/p><ul data-start=\"992\" data-end=\"1280\"><li data-start=\"992\" data-end=\"1052\"><p data-start=\"994\" data-end=\"1052\">Kontaktformular: Name, E-Mail, Telefon, Nachricht.<\/p><\/li><li data-start=\"1053\" data-end=\"1136\"><p data-start=\"1055\" data-end=\"1136\">Angebotsanfragen: Informationen zur Art der gew\u00fcnschten Dienstleistung und Kontaktdaten.<\/p><\/li><li data-start=\"1137\" data-end=\"1280\"><p data-start=\"1139\" data-end=\"1280\">Cookies und Browserdaten: IP-Adresse, Browsertyp, besuchte Seiten, ungef\u00e4hrer Standort, Dauer des Besuchs auf der Site.<\/p><\/li><\/ul><p data-start=\"1282\" data-end=\"1323\">Die Verarbeitung dieser Daten erfolgt auf Grundlage von:<\/p><ul data-start=\"1325\" data-end=\"1560\"><li data-start=\"1325\" data-end=\"1381\"><p data-start=\"1327\" data-end=\"1381\">Die ausdr\u00fcckliche Zustimmung der betroffenen Person;<\/p><\/li><li data-start=\"1382\" data-end=\"1447\"><p data-start=\"1384\" data-end=\"1447\">aus der Durchf\u00fchrung eines Vertrags oder vorvertraglicher Ma\u00dfnahmen;<\/p><\/li><li data-start=\"1448\" data-end=\"1477\"><p data-start=\"1450\" data-end=\"1477\">Aus einer gesetzlichen Verpflichtung;<\/p><\/li><li data-start=\"1478\" data-end=\"1560\"><p data-start=\"1480\" data-end=\"1560\">Aus berechtigtem Interesse (z. B. Sicherheit, Serviceverbesserung, Statistik).<\/p><\/li><\/ul>\t\t\t\t\t\t\t\t<\/div>\n\t\t\t\t<\/div>\n\t\t\t\t<div class=\"elementor-element elementor-element-610de2d elementor-widget elementor-widget-heading\" data-id=\"610de2d\" data-element_type=\"widget\" data-widget_type=\"heading.default\">\n\t\t\t\t<div class=\"elementor-widget-container\">\n\t\t\t\t\t<h2 class=\"elementor-heading-title elementor-size-default\">Zwecke der Verarbeitung<\/h2>\t\t\t\t<\/div>\n\t\t\t\t<\/div>\n\t\t\t\t<div class=\"elementor-element elementor-element-ca1a48c elementor-widget elementor-widget-text-editor\" data-id=\"ca1a48c\" data-element_type=\"widget\" data-widget_type=\"text-editor.default\">\n\t\t\t\t<div class=\"elementor-widget-container\">\n\t\t\t\t\t\t\t\t\t<p data-start=\"1562\" data-end=\"1638\">Die erhobenen Daten werden verwendet f\u00fcr:<\/p><ul data-start=\"1640\" data-end=\"1936\"><li data-start=\"1640\" data-end=\"1690\"><p data-start=\"1642\" data-end=\"1690\">Auf Kontakt- oder Angebotsanfragen antworten;<\/p><\/li><li data-start=\"1691\" data-end=\"1792\"><p data-start=\"1693\" data-end=\"1792\">Senden Sie Informationen \u00fcber unsere Dienste, Werbeaktionen oder Neuigkeiten (sofern zul\u00e4ssig);<\/p><\/li><li data-start=\"1793\" data-end=\"1876\"><p data-start=\"1795\" data-end=\"1876\">Analysieren Sie Browserstatistiken und verbessern Sie die Benutzererfahrung.<\/p><\/li><li data-start=\"1877\" data-end=\"1936\"><p data-start=\"1879\" data-end=\"1936\">Erf\u00fcllen Sie gesetzliche und regulatorische Verpflichtungen.<\/p><\/li><\/ul>\t\t\t\t\t\t\t\t<\/div>\n\t\t\t\t<\/div>\n\t\t\t\t<div class=\"elementor-element elementor-element-b4691a3 elementor-widget elementor-widget-heading\" data-id=\"b4691a3\" data-element_type=\"widget\" data-widget_type=\"heading.default\">\n\t\t\t\t<div class=\"elementor-widget-container\">\n\t\t\t\t\t<h2 class=\"elementor-heading-title elementor-size-default\">Datenaufbewahrung<\/h2>\t\t\t\t<\/div>\n\t\t\t\t<\/div>\n\t\t\t\t<div class=\"elementor-element elementor-element-779ffa1 elementor-widget elementor-widget-text-editor\" data-id=\"779ffa1\" data-element_type=\"widget\" data-widget_type=\"text-editor.default\">\n\t\t\t\t<div class=\"elementor-widget-container\">\n\t\t\t\t\t\t\t\t\t<p data-start=\"1562\" data-end=\"1638\">Personenbezogene Daten werden nur f\u00fcr den Zeitraum aufbewahrt, der zur Erreichung der genannten Zwecke oder gem\u00e4\u00df den gesetzlichen Bestimmungen erforderlich ist.<\/p>\t\t\t\t\t\t\t\t<\/div>\n\t\t\t\t<\/div>\n\t\t\t\t<div class=\"elementor-element elementor-element-c0cb7e0 elementor-widget elementor-widget-heading\" data-id=\"c0cb7e0\" data-element_type=\"widget\" data-widget_type=\"heading.default\">\n\t\t\t\t<div class=\"elementor-widget-container\">\n\t\t\t\t\t<h2 class=\"elementor-heading-title elementor-size-default\">Rechte der betroffenen Person<\/h2>\t\t\t\t<\/div>\n\t\t\t\t<\/div>\n\t\t\t\t<div class=\"elementor-element elementor-element-74b83b8 elementor-widget elementor-widget-text-editor\" data-id=\"74b83b8\" data-element_type=\"widget\" data-widget_type=\"text-editor.default\">\n\t\t\t\t<div class=\"elementor-widget-container\">\n\t\t\t\t\t\t\t\t\t<p data-start=\"2134\" data-end=\"2231\">Gem\u00e4\u00df der DSGVO stehen Ihnen folgende Rechte zu:<\/p><ul data-start=\"2233\" data-end=\"2547\"><li data-start=\"2233\" data-end=\"2273\"><p data-start=\"2235\" data-end=\"2273\">Zugriff auf Ihre personenbezogenen Daten;<\/p><\/li><li data-start=\"2274\" data-end=\"2334\"><p data-start=\"2276\" data-end=\"2334\">Korrigieren oder aktualisieren Sie falsche Informationen;<\/p><\/li><li data-start=\"2335\" data-end=\"2397\"><p data-start=\"2337\" data-end=\"2397\">die L\u00f6schung Ihrer Daten zu verlangen (Recht auf Vergessenwerden);<\/p><\/li><li data-start=\"2398\" data-end=\"2456\"><p data-start=\"2400\" data-end=\"2456\">Die Verarbeitung Ihrer Daten einschr\u00e4nken oder ihr widersprechen;<\/p><\/li><li data-start=\"2457\" data-end=\"2503\"><p data-start=\"2459\" data-end=\"2503\">Ihre Einwilligung jederzeit widerrufen;<\/p><\/li><li data-start=\"2504\" data-end=\"2547\"><p data-start=\"2506\" data-end=\"2547\">Fordern Sie die Portabilit\u00e4t Ihrer Daten an.<\/p><\/li><\/ul><p data-start=\"2549\" data-end=\"2622\">Um Ihre Rechte auszu\u00fcben, kontaktieren Sie uns per E-Mail: <a class=\"cursor-pointer\" rel=\"noopener\" data-start=\"2602\" data-end=\"2620\">info@brillancesupreme.com<\/a><\/p>\t\t\t\t\t\t\t\t<\/div>\n\t\t\t\t<\/div>\n\t\t\t\t<div class=\"elementor-element elementor-element-9c1d2a5 elementor-widget elementor-widget-heading\" data-id=\"9c1d2a5\" data-element_type=\"widget\" data-widget_type=\"heading.default\">\n\t\t\t\t<div class=\"elementor-widget-container\">\n\t\t\t\t\t<h2 class=\"elementor-heading-title elementor-size-default\">Sicherheit und Vertraulichkeit<\/h2>\t\t\t\t<\/div>\n\t\t\t\t<\/div>\n\t\t\t\t<div class=\"elementor-element elementor-element-340b79b elementor-widget elementor-widget-text-editor\" data-id=\"340b79b\" data-element_type=\"widget\" data-widget_type=\"text-editor.default\">\n\t\t\t\t<div class=\"elementor-widget-container\">\n\t\t\t\t\t\t\t\t\t<p data-start=\"2624\" data-end=\"2851\">Wir ergreifen geeignete technische und organisatorische Ma\u00dfnahmen, um Ihre personenbezogenen Daten vor unbefugtem Zugriff, Verlust, Ver\u00e4nderung oder unrechtm\u00e4\u00dfiger Offenlegung zu sch\u00fctzen.<\/p><p data-start=\"2853\" data-end=\"3018\">Wir weisen Sie jedoch darauf hin, dass die Daten\u00fcbertragung \u00fcber das Internet nicht vollkommen sicher ist. Daher k\u00f6nnen wir keine absolute Sicherheit garantieren.<\/p>\t\t\t\t\t\t\t\t<\/div>\n\t\t\t\t<\/div>\n\t\t\t\t<div class=\"elementor-element elementor-element-c375fad elementor-widget elementor-widget-heading\" data-id=\"c375fad\" data-element_type=\"widget\" data-widget_type=\"heading.default\">\n\t\t\t\t<div class=\"elementor-widget-container\">\n\t\t\t\t\t<h2 class=\"elementor-heading-title elementor-size-default\">Cookies-Richtlinie<\/h2>\t\t\t\t<\/div>\n\t\t\t\t<\/div>\n\t\t\t\t<div class=\"elementor-element elementor-element-30e89f8 elementor-widget elementor-widget-heading\" data-id=\"30e89f8\" data-element_type=\"widget\" data-widget_type=\"heading.default\">\n\t\t\t\t<div class=\"elementor-widget-container\">\n\t\t\t\t\t<h2 class=\"elementor-heading-title elementor-size-default\">Was ist ein Cookie?<\/h2>\t\t\t\t<\/div>\n\t\t\t\t<\/div>\n\t\t\t\t<div class=\"elementor-element elementor-element-eefe591 elementor-widget elementor-widget-text-editor\" data-id=\"eefe591\" data-element_type=\"widget\" data-widget_type=\"text-editor.default\">\n\t\t\t\t<div class=\"elementor-widget-container\">\n\t\t\t\t\t\t\t\t\t<p data-start=\"2624\" data-end=\"2851\">Cookies sind kleine Dateien, die in Ihrem Browser gespeichert werden und dazu beitragen, die Benutzererfahrung zu verbessern, Ihre Pr\u00e4ferenzen zu speichern und statistische Daten zu sammeln.<\/p>\t\t\t\t\t\t\t\t<\/div>\n\t\t\t\t<\/div>\n\t\t\t\t<div class=\"elementor-element elementor-element-12b6ad9 elementor-widget elementor-widget-heading\" data-id=\"12b6ad9\" data-element_type=\"widget\" data-widget_type=\"heading.default\">\n\t\t\t\t<div class=\"elementor-widget-container\">\n\t\t\t\t\t<h2 class=\"elementor-heading-title elementor-size-default\">Arten der verwendeten Cookies:<\/h2>\t\t\t\t<\/div>\n\t\t\t\t<\/div>\n\t\t\t\t<div class=\"elementor-element elementor-element-d240f05 elementor-widget elementor-widget-text-editor\" data-id=\"d240f05\" data-element_type=\"widget\" data-widget_type=\"text-editor.default\">\n\t\t\t\t<div class=\"elementor-widget-container\">\n\t\t\t\t\t\t\t\t\t<ul><li data-start=\"3306\" data-end=\"3362\"><p data-start=\"3308\" data-end=\"3362\">Essentiell: notwendig f\u00fcr den Betrieb der Site;<\/p><\/li><li data-start=\"3363\" data-end=\"3461\"><p data-start=\"3365\" data-end=\"3461\">Analytics: Sammeln statistischer Daten zur Navigation (z. B. Google Analytics);<\/p><\/li><li data-start=\"3462\" data-end=\"3526\"><p data-start=\"3464\" data-end=\"3526\">Funktional: Benutzereinstellungen speichern;<\/p><\/li><li data-start=\"3527\" data-end=\"3603\"><p data-start=\"3529\" data-end=\"3603\">Marketing: Wird zur Personalisierung von Werbung verwendet (falls zutreffend).<\/p><\/li><\/ul>\t\t\t\t\t\t\t\t<\/div>\n\t\t\t\t<\/div>\n\t\t\t\t<div class=\"elementor-element elementor-element-3ed17ff elementor-widget elementor-widget-heading\" data-id=\"3ed17ff\" data-element_type=\"widget\" data-widget_type=\"heading.default\">\n\t\t\t\t<div class=\"elementor-widget-container\">\n\t\t\t\t\t<h2 class=\"elementor-heading-title elementor-size-default\">Zustimmung<\/h2>\t\t\t\t<\/div>\n\t\t\t\t<\/div>\n\t\t\t\t<div class=\"elementor-element elementor-element-4090d75 elementor-widget elementor-widget-text-editor\" data-id=\"4090d75\" data-element_type=\"widget\" data-widget_type=\"text-editor.default\">\n\t\t\t\t<div class=\"elementor-widget-container\">\n\t\t\t\t\t\t\t\t\t<p data-start=\"3605\" data-end=\"3745\">Wenn Sie unsere Website zum ersten Mal besuchen, wird ein Cookie-Informationsbanner angezeigt. Sie k\u00f6nnen dann:<\/p><ul data-start=\"3747\" data-end=\"3846\"><li data-start=\"3747\" data-end=\"3778\"><p data-start=\"3749\" data-end=\"3778\">Alle Cookies akzeptieren;<\/p><\/li><li data-start=\"3779\" data-end=\"3819\"><p data-start=\"3781\" data-end=\"3819\">Nicht notwendige Cookies ablehnen;<\/p><\/li><li data-start=\"3820\" data-end=\"3846\"><p data-start=\"3822\" data-end=\"3846\">Verwalten Sie Ihre Einstellungen.<\/p><\/li><\/ul><p data-start=\"3848\" data-end=\"3942\">Sie k\u00f6nnen Cookies auch direkt in Ihren Browsereinstellungen verwalten.<\/p>\t\t\t\t\t\t\t\t<\/div>\n\t\t\t\t<\/div>\n\t\t\t\t<div class=\"elementor-element elementor-element-3136c49 elementor-widget elementor-widget-heading\" data-id=\"3136c49\" data-element_type=\"widget\" data-widget_type=\"heading.default\">\n\t\t\t\t<div class=\"elementor-widget-container\">\n\t\t\t\t\t<h2 class=\"elementor-heading-title elementor-size-default\">Cookies von Drittanbietern<\/h2>\t\t\t\t<\/div>\n\t\t\t\t<\/div>\n\t\t\t\t<div class=\"elementor-element elementor-element-58a6c85 elementor-widget elementor-widget-text-editor\" data-id=\"58a6c85\" data-element_type=\"widget\" data-widget_type=\"text-editor.default\">\n\t\t\t\t<div class=\"elementor-widget-container\">\n\t\t\t\t\t\t\t\t\t<p data-start=\"3605\" data-end=\"3745\">Wir nutzen m\u00f6glicherweise Dienste von Drittanbietern (z. B. Google, Meta\/Facebook, YouTube), die Cookies in Ihrem Browser platzieren k\u00f6nnen. Wir laden Sie ein, die jeweiligen Datenschutzrichtlinien zu lesen.<\/p>\t\t\t\t\t\t\t\t<\/div>\n\t\t\t\t<\/div>\n\t\t\t\t<div class=\"elementor-element elementor-element-9e7a55e elementor-widget elementor-widget-heading\" data-id=\"9e7a55e\" data-element_type=\"widget\" data-widget_type=\"heading.default\">\n\t\t\t\t<div class=\"elementor-widget-container\">\n\t\t\t\t\t<h2 class=\"elementor-heading-title elementor-size-default\">\u00c4nderungen dieser Richtlinie<\/h2>\t\t\t\t<\/div>\n\t\t\t\t<\/div>\n\t\t\t\t<div class=\"elementor-element elementor-element-3ff807f elementor-widget elementor-widget-text-editor\" data-id=\"3ff807f\" data-element_type=\"widget\" data-widget_type=\"text-editor.default\">\n\t\t\t\t<div class=\"elementor-widget-container\">\n\t\t\t\t\t\t\t\t\t<p data-start=\"4188\" data-end=\"4426\">Wir behalten uns das Recht vor, diese Datenschutz- und Cookie-Richtlinie jederzeit zu aktualisieren. Alle \u00c4nderungen werden auf dieser Seite mit dem aktualisierten \u00dcberarbeitungsdatum ver\u00f6ffentlicht.<\/p><p data-start=\"4428\" data-end=\"4479\"><strong data-start=\"4428\" data-end=\"4454\">Letzte Aktualisierung:<\/strong> Luxemburg, 11.08.2025<\/p>\t\t\t\t\t\t\t\t<\/div>\n\t\t\t\t<\/div>\n\t\t\t\t\t<\/div>\n\t\t\t\t<\/div>\n\t\t\t\t<\/div>","protected":false},"excerpt":{"rendered":"<p>Politique de Confidentialit\u00e9 et Cookies Champ d\u2019application Brillance Supr\u00eame respecte et prot\u00e8ge votre vie priv\u00e9e. La pr\u00e9sente Politique de Confidentialit\u00e9 [&hellip;]<\/p>","protected":false},"author":1,"featured_media":0,"parent":0,"menu_order":0,"comment_status":"closed","ping_status":"closed","template":"","meta":{"site-sidebar-layout":"default","site-content-layout":"","ast-site-content-layout":"default","site-content-style":"default","site-sidebar-style":"default","ast-global-header-display":"","ast-banner-title-visibility":"","ast-main-header-display":"","ast-hfb-above-header-display":"","ast-hfb-below-header-display":"","ast-hfb-mobile-header-display":"","site-post-title":"","ast-breadcrumbs-content":"","ast-featured-img":"","footer-sml-layout":"","theme-transparent-header-meta":"","adv-header-id-meta":"","stick-header-meta":"","header-above-stick-meta":"","header-main-stick-meta":"","header-below-stick-meta":"","astra-migrate-meta-layouts":"default","ast-page-background-enabled":"default","ast-page-background-meta":{"desktop":{"background-color":"var(--ast-global-color-5)","background-image":"","background-repeat":"repeat","background-position":"center center","background-size":"auto","background-attachment":"scroll","background-type":"","background-media":"","overlay-type":"","overlay-color":"","overlay-opacity":"","overlay-gradient":""},"tablet":{"background-color":"","background-image":"","background-repeat":"repeat","background-position":"center center","background-size":"auto","background-attachment":"scroll","background-type":"","background-media":"","overlay-type":"","overlay-color":"","overlay-opacity":"","overlay-gradient":""},"mobile":{"background-color":"","background-image":"","background-repeat":"repeat","background-position":"center center","background-size":"auto","background-attachment":"scroll","background-type":"","background-media":"","overlay-type":"","overlay-color":"","overlay-opacity":"","overlay-gradient":""}},"ast-content-background-meta":{"desktop":{"background-color":"var(--ast-global-color-4)","background-image":"","background-repeat":"repeat","background-position":"center center","background-size":"auto","background-attachment":"scroll","background-type":"","background-media":"","overlay-type":"","overlay-color":"","overlay-opacity":"","overlay-gradient":""},"tablet":{"background-color":"var(--ast-global-color-4)","background-image":"","background-repeat":"repeat","background-position":"center center","background-size":"auto","background-attachment":"scroll","background-type":"","background-media":"","overlay-type":"","overlay-color":"","overlay-opacity":"","overlay-gradient":""},"mobile":{"background-color":"var(--ast-global-color-4)","background-image":"","background-repeat":"repeat","background-position":"center center","background-size":"auto","background-attachment":"scroll","background-type":"","background-media":"","overlay-type":"","overlay-color":"","overlay-opacity":"","overlay-gradient":""}},"footnotes":""},"class_list":["post-3","page","type-page","status-publish","hentry"],"_links":{"self":[{"href":"https:\/\/brillancesupreme.com\/de\/wp-json\/wp\/v2\/pages\/3","targetHints":{"allow":["GET"]}}],"collection":[{"href":"https:\/\/brillancesupreme.com\/de\/wp-json\/wp\/v2\/pages"}],"about":[{"href":"https:\/\/brillancesupreme.com\/de\/wp-json\/wp\/v2\/types\/page"}],"author":[{"embeddable":true,"href":"https:\/\/brillancesupreme.com\/de\/wp-json\/wp\/v2\/users\/1"}],"replies":[{"embeddable":true,"href":"https:\/\/brillancesupreme.com\/de\/wp-json\/wp\/v2\/comments?post=3"}],"version-history":[{"count":16,"href":"https:\/\/brillancesupreme.com\/de\/wp-json\/wp\/v2\/pages\/3\/revisions"}],"predecessor-version":[{"id":1498,"href":"https:\/\/brillancesupreme.com\/de\/wp-json\/wp\/v2\/pages\/3\/revisions\/1498"}],"wp:attachment":[{"href":"https:\/\/brillancesupreme.com\/de\/wp-json\/wp\/v2\/media?parent=3"}],"curies":[{"name":"wp","href":"https:\/\/api.w.org\/{rel}","templated":true}]}}